{"id":7,"date":"2026-01-18T20:04:31","date_gmt":"2026-01-18T20:04:31","guid":{"rendered":"https:\/\/matryoshka.mx\/?page_id=7"},"modified":"2026-01-18T23:39:11","modified_gmt":"2026-01-18T23:39:11","slug":"7-2","status":"publish","type":"page","link":"https:\/\/matryoshka.mx\/","title":{"rendered":""},"content":{"rendered":"\n<p class=\"has-text-align-center\"><strong>Pasteler\u00eda<\/strong> <strong>europea<\/strong> <strong>artesanal en M\u00e9xico<\/strong>.<\/p>\n\n\n\n<p class=\"has-text-align-center\"><strong>Sabores cl\u00e1sicos. T\u00e9cnica precisa. Sin prisa<\/strong>.<\/p>\n\n\n\n<p><\/p>\n\n\n\n<p><\/p>\n\n\n\n<p><\/p>\n\n\n\n<p><\/p>\n\n\n\n<p><\/p>\n\n\n\n<p class=\"has-text-align-center\">Matryoshka es una pasteler\u00eda de autor inspirada en la tradici\u00f3n europea:<\/p>\n\n\n\n<p class=\"has-text-align-center\">medovik, napole\u00f3n, sacher, esterh\u00e1zy y otros cl\u00e1sicos reinterpretados<\/p>\n\n\n\n<p><\/p>\n\n\n\n<p><\/p>\n\n\n\n<p><\/p>\n\n\n\n<p class=\"has-text-align-center\">con respeto al producto y al tiempo<\/p>\n\n\n\n<p><\/p>\n","protected":false},"excerpt":{"rendered":"<p>Pasteler\u00eda europea artesanal en M\u00e9xico. Sabores cl\u00e1sicos. T\u00e9cnica precisa. Sin prisa. Matryoshka es una pasteler\u00eda de autor inspirada en la tradici\u00f3n europea: medovik, napole\u00f3n, sacher, esterh\u00e1zy y otros cl\u00e1sicos reinterpretados con respeto al producto y al tiempo<\/p>\n","protected":false},"author":1,"featured_media":0,"parent":0,"menu_order":0,"comment_status":"closed","ping_status":"closed","template":"","meta":{"footnotes":""},"class_list":["post-7","page","type-page","status-publish","hentry"],"_links":{"self":[{"href":"https:\/\/matryoshka.mx\/index.php\/wp-json\/wp\/v2\/pages\/7","targetHints":{"allow":["GET"]}}],"collection":[{"href":"https:\/\/matryoshka.mx\/index.php\/wp-json\/wp\/v2\/pages"}],"about":[{"href":"https:\/\/matryoshka.mx\/index.php\/wp-json\/wp\/v2\/types\/page"}],"author":[{"embeddable":true,"href":"https:\/\/matryoshka.mx\/index.php\/wp-json\/wp\/v2\/users\/1"}],"replies":[{"embeddable":true,"href":"https:\/\/matryoshka.mx\/index.php\/wp-json\/wp\/v2\/comments?post=7"}],"version-history":[{"count":4,"href":"https:\/\/matryoshka.mx\/index.php\/wp-json\/wp\/v2\/pages\/7\/revisions"}],"predecessor-version":[{"id":14,"href":"https:\/\/matryoshka.mx\/index.php\/wp-json\/wp\/v2\/pages\/7\/revisions\/14"}],"wp:attachment":[{"href":"https:\/\/matryoshka.mx\/index.php\/wp-json\/wp\/v2\/media?parent=7"}],"curies":[{"name":"wp","href":"https:\/\/api.w.org\/{rel}","templated":true}]}}